{"id":233,"date":"2023-03-26T00:29:45","date_gmt":"2023-03-26T00:29:45","guid":{"rendered":"https:\/\/lasllavesrestaurante.es\/?page_id=233"},"modified":"2023-03-29T21:48:43","modified_gmt":"2023-03-29T21:48:43","slug":"restaurante","status":"publish","type":"page","link":"https:\/\/lasllavesrestaurante.es\/en\/restaurante\/","title":{"rendered":"Restaurant Las Llaves"},"content":{"rendered":"<div class=\"wp-block-columns alignfull are-vertically-aligned-top has-text-color has-background is-layout-flex wp-container-core-columns-is-layout-9d6595d7 wp-block-columns-is-layout-flex\" id=\"restaurante\" style=\"color:#3c3c3c;background:linear-gradient(135deg,rgb(255,255,255) 0%,rgba(251,145,14,0.59) 100%)\">\n<div class=\"wp-block-column is-vertically-aligned-top is-layout-flow wp-block-column-is-layout-flow\">\n<div class=\"wp-block-group\"><div class=\"wp-block-group__inner-container is-layout-constrained wp-block-group-is-layout-constrained\">\n<div class=\"wp-block-columns is-layout-flex wp-container-core-columns-is-layout-9d6595d7 wp-block-columns-is-layout-flex\">\n<div class=\"wp-block-column is-layout-flow wp-block-column-is-layout-flow\">\n<figure class=\"wp-block-image size-large is-resized\"><img fetchpriority=\"high\" decoding=\"async\" src=\"https:\/\/lasllavesrestaurante.es\/wp-content\/uploads\/2023\/02\/logo-png-1024x992.png\" alt=\"Las llaves restaurante\" class=\"wp-image-6\" width=\"276\" height=\"268\"\/><\/figure>\n<\/div>\n<\/div>\n<\/div><\/div>\n\n\n\n<div class=\"wp-block-cover is-light\" style=\"min-height:347px;aspect-ratio:unset;\"><span aria-hidden=\"true\" class=\"wp-block-cover__background has-background-dim-60 has-background-dim\" style=\"background-color:#fcb072\"><\/span><div class=\"wp-block-cover__inner-container is-layout-flow wp-block-cover-is-layout-flow\">\n<figure class=\"wp-block-gallery has-nested-images columns-default is-cropped wp-block-gallery-2 is-layout-flex wp-block-gallery-is-layout-flex\">\n<figure class=\"wp-block-image size-large\"><img decoding=\"async\" width=\"808\" height=\"1024\" data-id=\"131\" src=\"https:\/\/lasllavesrestaurante.es\/wp-content\/uploads\/2023\/03\/20230301_155544.1-2-808x1024.jpg\" alt=\"\" class=\"wp-image-131\" srcset=\"https:\/\/lasllavesrestaurante.es\/wp-content\/uploads\/2023\/03\/20230301_155544.1-2-808x1024.jpg 808w, https:\/\/lasllavesrestaurante.es\/wp-content\/uploads\/2023\/03\/20230301_155544.1-2-237x300.jpg 237w, https:\/\/lasllavesrestaurante.es\/wp-content\/uploads\/2023\/03\/20230301_155544.1-2-768x973.jpg 768w, https:\/\/lasllavesrestaurante.es\/wp-content\/uploads\/2023\/03\/20230301_155544.1-2-1212x1536.jpg 1212w, https:\/\/lasllavesrestaurante.es\/wp-content\/uploads\/2023\/03\/20230301_155544.1-2-1616x2048.jpg 1616w, https:\/\/lasllavesrestaurante.es\/wp-content\/uploads\/2023\/03\/20230301_155544.1-2-9x12.jpg 9w, https:\/\/lasllavesrestaurante.es\/wp-content\/uploads\/2023\/03\/20230301_155544.1-2-scaled.jpg 2020w\" sizes=\"(max-width: 808px) 100vw, 808px\" \/><\/figure>\n<\/figure>\n<\/div><\/div>\n\n\n\n<p class=\"has-black-color has-text-color has-small-font-size\">Jeremy Alonso, en sala y cocina respectivamente, la segunda Generaci\u00f3n del restaurante. El leon\u00e9s Dionisio Alonso dej\u00f3 Astorga para venir a la Costa del Sol trayendo en su maleta su patrimonio gastron\u00f3mico castellano<\/p>\n\n\n\n<div class=\"wp-block-cover is-light\" style=\"min-height:363px;aspect-ratio:unset;\"><span aria-hidden=\"true\" class=\"wp-block-cover__background has-background-dim-60 has-background-dim\" style=\"background-color:#fcb072\"><\/span><div class=\"wp-block-cover__inner-container is-layout-flow wp-block-cover-is-layout-flow\">\n<figure class=\"wp-block-gallery has-nested-images columns-default is-cropped wp-block-gallery-3 is-layout-flex wp-block-gallery-is-layout-flex\">\n<figure class=\"wp-block-image size-large\"><img decoding=\"async\" width=\"813\" height=\"1024\" data-id=\"362\" src=\"https:\/\/lasllavesrestaurante.es\/wp-content\/uploads\/2023\/03\/c5a0bb5c-0c12-4639-b72f-f232eab52871-1-813x1024.jpg\" alt=\"\" class=\"wp-image-362\" srcset=\"https:\/\/lasllavesrestaurante.es\/wp-content\/uploads\/2023\/03\/c5a0bb5c-0c12-4639-b72f-f232eab52871-1-813x1024.jpg 813w, https:\/\/lasllavesrestaurante.es\/wp-content\/uploads\/2023\/03\/c5a0bb5c-0c12-4639-b72f-f232eab52871-1-238x300.jpg 238w, https:\/\/lasllavesrestaurante.es\/wp-content\/uploads\/2023\/03\/c5a0bb5c-0c12-4639-b72f-f232eab52871-1-768x967.jpg 768w, https:\/\/lasllavesrestaurante.es\/wp-content\/uploads\/2023\/03\/c5a0bb5c-0c12-4639-b72f-f232eab52871-1-10x12.jpg 10w, https:\/\/lasllavesrestaurante.es\/wp-content\/uploads\/2023\/03\/c5a0bb5c-0c12-4639-b72f-f232eab52871-1.jpg 1066w\" sizes=\"(max-width: 813px) 100vw, 813px\" \/><\/figure>\n<\/figure>\n<\/div><\/div>\n<\/div>\n\n\n\n<div class=\"wp-block-column is-vertically-aligned-top is-layout-flow wp-block-column-is-layout-flow\">\n<p class=\"justify-text has-black-color has-text-color has-small-font-size\">Upon entering Las Llaves restaurant, it feels like time has stood still. As if the passing of time has merely glanced over it, and the essence of classic cuisine has been preserved within its walls. The dining room is dominated by a Castilian oven that announces the menu options. <\/p>\n\n\n\n<div class=\"wp-block-cover is-light\" style=\"min-height:291px;aspect-ratio:unset;\"><span aria-hidden=\"true\" class=\"wp-block-cover__background has-background-dim-60 has-background-dim\" style=\"background-color:#fcb072\"><\/span><div class=\"wp-block-cover__inner-container is-layout-flow wp-block-cover-is-layout-flow\">\n<figure class=\"wp-block-gallery has-nested-images columns-default is-cropped wp-block-gallery-4 is-layout-flex wp-block-gallery-is-layout-flex\">\n<figure class=\"wp-block-image size-large\"><img loading=\"lazy\" decoding=\"async\" width=\"1024\" height=\"850\" data-id=\"369\" src=\"https:\/\/lasllavesrestaurante.es\/wp-content\/uploads\/2023\/03\/lasllaves-1-1024x850.jpg\" alt=\"\" class=\"wp-image-369\" srcset=\"https:\/\/lasllavesrestaurante.es\/wp-content\/uploads\/2023\/03\/lasllaves-1-1024x850.jpg 1024w, https:\/\/lasllavesrestaurante.es\/wp-content\/uploads\/2023\/03\/lasllaves-1-300x249.jpg 300w, https:\/\/lasllavesrestaurante.es\/wp-content\/uploads\/2023\/03\/lasllaves-1-768x637.jpg 768w, https:\/\/lasllavesrestaurante.es\/wp-content\/uploads\/2023\/03\/lasllaves-1-1536x1274.jpg 1536w, https:\/\/lasllavesrestaurante.es\/wp-content\/uploads\/2023\/03\/lasllaves-1-2048x1699.jpg 2048w, https:\/\/lasllavesrestaurante.es\/wp-content\/uploads\/2023\/03\/lasllaves-1-14x12.jpg 14w\" sizes=\"(max-width: 1024px) 100vw, 1024px\" \/><\/figure>\n<\/figure>\n<\/div><\/div>\n\n\n\n<p class=\"justify-text has-black-color has-text-color has-small-font-size\">Next to it, the flamb\u00e9 area. Yes. Here, both sweet and savoury dishes are still flamb\u00e9ed in the dining room, and with mastery. However, far from looking like a stale place, it is an establishment that oozes distinction, classicism and struggles to maintain its gastronomic identity, combining the most traditional techniques with contemporary ones. Its backbone: quality produce.<\/p>\n\n\n\n<div class=\"wp-block-cover is-light\" style=\"min-height:188px;aspect-ratio:unset;\"><span aria-hidden=\"true\" class=\"wp-block-cover__background has-background-dim-60 has-background-dim\" style=\"background-color:#fcb072\"><\/span><div class=\"wp-block-cover__inner-container is-layout-flow wp-block-cover-is-layout-flow\">\n<figure class=\"wp-block-gallery has-nested-images columns-default is-cropped wp-block-gallery-5 is-layout-flex wp-block-gallery-is-layout-flex\">\n<figure class=\"wp-block-image size-full\"><img loading=\"lazy\" decoding=\"async\" width=\"1024\" height=\"732\" data-id=\"200\" src=\"https:\/\/lasllavesrestaurante.es\/wp-content\/uploads\/2023\/03\/web7.jpg\" alt=\"\" class=\"wp-image-200\" srcset=\"https:\/\/lasllavesrestaurante.es\/wp-content\/uploads\/2023\/03\/web7.jpg 1024w, https:\/\/lasllavesrestaurante.es\/wp-content\/uploads\/2023\/03\/web7-300x214.jpg 300w, https:\/\/lasllavesrestaurante.es\/wp-content\/uploads\/2023\/03\/web7-768x549.jpg 768w, https:\/\/lasllavesrestaurante.es\/wp-content\/uploads\/2023\/03\/web7-18x12.jpg 18w, https:\/\/lasllavesrestaurante.es\/wp-content\/uploads\/2023\/03\/web7-350x250.jpg 350w\" sizes=\"(max-width: 1024px) 100vw, 1024px\" \/><\/figure>\n<\/figure>\n<\/div><\/div>\n\n\n\n<p class=\"has-small-font-size\">The irresistible call to cross its doors time and time again is due to its fresh and varied products, the atmosphere, and even the smallest gesture is taken care of; the still-life arrangements of fruit, the bouquets of mint, the trays of bread, the elegantly set tables, or the entrance display full of products from Castilla Le\u00f3n, are some of the details that will make you feel at home when you step over the threshold of Las Llaves.<\/p>\n<\/div>\n<\/div>\n\n\n\n<p><\/p>\n\n\n\n<figure class=\"wp-block-video\"><video height=\"1080\" style=\"aspect-ratio: 1920 \/ 1080;\" width=\"1920\" controls poster=\"https:\/\/lasllavesrestaurante.es\/wp-content\/uploads\/2023\/03\/cropped-las-llaves-1400x320-1-2.jpg\" src=\"https:\/\/lasllavesrestaurante.es\/wp-content\/uploads\/2023\/03\/0224.mp4\"><\/video><\/figure>\n\n\n\n<div class=\"wp-block-columns is-layout-flex wp-container-core-columns-is-layout-9d6595d7 wp-block-columns-is-layout-flex\">\n<div class=\"wp-block-column is-layout-flow wp-block-column-is-layout-flow\" id=\"gastronomia\"><\/div>\n<\/div>\n\n\n<!--Smart Slider #10 does NOT EXIST or has NO SLIDES!WordPress Shortcode-->","protected":false},"excerpt":{"rendered":"<p>Jeremy Alonso, en sala y cocina respectivamente, la segunda Generaci\u00f3n del restaurante. El leon\u00e9s Dionisio Alonso dej\u00f3 Astorga para venir a la Costa del Sol trayendo en su maleta su [&hellip;]<\/p>\n","protected":false},"author":1,"featured_media":0,"parent":0,"menu_order":0,"comment_status":"closed","ping_status":"closed","template":"","meta":{"footnotes":""},"class_list":["post-233","page","type-page","status-publish","hentry"],"yoast_head":"<!-- This site is optimized with the Yoast SEO plugin v27.3 - https:\/\/yoast.com\/product\/yoast-seo-wordpress\/ -->\n<title>Restaurante Las Llaves - Restaurante Las Llaves<\/title>\n<meta name=\"robots\" content=\"index, follow, max-snippet:-1, max-image-preview:large, max-video-preview:-1\" \/>\n<link rel=\"canonical\" href=\"https:\/\/lasllavesrestaurante.es\/en\/restaurante\/\" \/>\n<meta property=\"og:locale\" content=\"en_GB\" \/>\n<meta property=\"og:type\" content=\"article\" \/>\n<meta property=\"og:title\" content=\"Restaurante Las Llaves - Restaurante Las Llaves\" \/>\n<meta property=\"og:description\" content=\"Jeremy Alonso, en sala y cocina respectivamente, la segunda Generaci\u00f3n del restaurante. El leon\u00e9s Dionisio Alonso dej\u00f3 Astorga para venir a la Costa del Sol trayendo en su maleta su [&hellip;]\" \/>\n<meta property=\"og:url\" content=\"https:\/\/lasllavesrestaurante.es\/en\/restaurante\/\" \/>\n<meta property=\"og:site_name\" content=\"Restaurante Las Llaves\" \/>\n<meta property=\"article:publisher\" content=\"https:\/\/www.facebook.com\/RestLasLlaves\" \/>\n<meta property=\"article:modified_time\" content=\"2023-03-29T21:48:43+00:00\" \/>\n<meta property=\"og:image\" content=\"https:\/\/lasllavesrestaurante.es\/wp-content\/uploads\/2023\/02\/logo-png-1024x992.png\" \/>\n<meta name=\"twitter:card\" content=\"summary_large_image\" \/>\n<meta name=\"twitter:label1\" content=\"Estimated reading time\" \/>\n\t<meta name=\"twitter:data1\" content=\"1 minute\" \/>\n<script type=\"application\/ld+json\" class=\"yoast-schema-graph\">{\"@context\":\"https:\\\/\\\/schema.org\",\"@graph\":[{\"@type\":\"WebPage\",\"@id\":\"https:\\\/\\\/lasllavesrestaurante.es\\\/restaurante\\\/\",\"url\":\"https:\\\/\\\/lasllavesrestaurante.es\\\/restaurante\\\/\",\"name\":\"Restaurante Las Llaves - Restaurante Las Llaves\",\"isPartOf\":{\"@id\":\"https:\\\/\\\/lasllavesrestaurante.es\\\/#website\"},\"primaryImageOfPage\":{\"@id\":\"https:\\\/\\\/lasllavesrestaurante.es\\\/restaurante\\\/#primaryimage\"},\"image\":{\"@id\":\"https:\\\/\\\/lasllavesrestaurante.es\\\/restaurante\\\/#primaryimage\"},\"thumbnailUrl\":\"https:\\\/\\\/lasllavesrestaurante.es\\\/wp-content\\\/uploads\\\/2023\\\/02\\\/logo-png-1024x992.png\",\"datePublished\":\"2023-03-26T00:29:45+00:00\",\"dateModified\":\"2023-03-29T21:48:43+00:00\",\"breadcrumb\":{\"@id\":\"https:\\\/\\\/lasllavesrestaurante.es\\\/restaurante\\\/#breadcrumb\"},\"inLanguage\":\"en-GB\",\"potentialAction\":[{\"@type\":\"ReadAction\",\"target\":[\"https:\\\/\\\/lasllavesrestaurante.es\\\/restaurante\\\/\"]}]},{\"@type\":\"ImageObject\",\"inLanguage\":\"en-GB\",\"@id\":\"https:\\\/\\\/lasllavesrestaurante.es\\\/restaurante\\\/#primaryimage\",\"url\":\"https:\\\/\\\/lasllavesrestaurante.es\\\/wp-content\\\/uploads\\\/2023\\\/02\\\/logo-png-1024x992.png\",\"contentUrl\":\"https:\\\/\\\/lasllavesrestaurante.es\\\/wp-content\\\/uploads\\\/2023\\\/02\\\/logo-png-1024x992.png\"},{\"@type\":\"BreadcrumbList\",\"@id\":\"https:\\\/\\\/lasllavesrestaurante.es\\\/restaurante\\\/#breadcrumb\",\"itemListElement\":[{\"@type\":\"ListItem\",\"position\":1,\"name\":\"Portada\",\"item\":\"https:\\\/\\\/lasllavesrestaurante.es\\\/\"},{\"@type\":\"ListItem\",\"position\":2,\"name\":\"Restaurante Las Llaves\"}]},{\"@type\":\"WebSite\",\"@id\":\"https:\\\/\\\/lasllavesrestaurante.es\\\/#website\",\"url\":\"https:\\\/\\\/lasllavesrestaurante.es\\\/\",\"name\":\"Restaurante Las Llaves\",\"description\":\"Restaurante asador de carnes y comida espa&ntilde;ola\",\"publisher\":{\"@id\":\"https:\\\/\\\/lasllavesrestaurante.es\\\/#organization\"},\"potentialAction\":[{\"@type\":\"SearchAction\",\"target\":{\"@type\":\"EntryPoint\",\"urlTemplate\":\"https:\\\/\\\/lasllavesrestaurante.es\\\/?s={search_term_string}\"},\"query-input\":{\"@type\":\"PropertyValueSpecification\",\"valueRequired\":true,\"valueName\":\"search_term_string\"}}],\"inLanguage\":\"en-GB\"},{\"@type\":\"Organization\",\"@id\":\"https:\\\/\\\/lasllavesrestaurante.es\\\/#organization\",\"name\":\"Restaurante Las Llaves\",\"url\":\"https:\\\/\\\/lasllavesrestaurante.es\\\/\",\"logo\":{\"@type\":\"ImageObject\",\"inLanguage\":\"en-GB\",\"@id\":\"https:\\\/\\\/lasllavesrestaurante.es\\\/#\\\/schema\\\/logo\\\/image\\\/\",\"url\":\"https:\\\/\\\/lasllavesrestaurante.es\\\/wp-content\\\/uploads\\\/2023\\\/03\\\/logo-png-e1679791427349-edited.png\",\"contentUrl\":\"https:\\\/\\\/lasllavesrestaurante.es\\\/wp-content\\\/uploads\\\/2023\\\/03\\\/logo-png-e1679791427349-edited.png\",\"width\":363,\"height\":484,\"caption\":\"Restaurante Las Llaves\"},\"image\":{\"@id\":\"https:\\\/\\\/lasllavesrestaurante.es\\\/#\\\/schema\\\/logo\\\/image\\\/\"},\"sameAs\":[\"https:\\\/\\\/www.facebook.com\\\/RestLasLlaves\",\"https:\\\/\\\/www.instagram.com\\\/restaurantelasllaves\"]}]}<\/script>\n<!-- \/ Yoast SEO plugin. -->","yoast_head_json":{"title":"Restaurante Las Llaves - Restaurante Las Llaves","robots":{"index":"index","follow":"follow","max-snippet":"max-snippet:-1","max-image-preview":"max-image-preview:large","max-video-preview":"max-video-preview:-1"},"canonical":"https:\/\/lasllavesrestaurante.es\/en\/restaurante\/","og_locale":"en_GB","og_type":"article","og_title":"Restaurante Las Llaves - Restaurante Las Llaves","og_description":"Jeremy Alonso, en sala y cocina respectivamente, la segunda Generaci\u00f3n del restaurante. El leon\u00e9s Dionisio Alonso dej\u00f3 Astorga para venir a la Costa del Sol trayendo en su maleta su [&hellip;]","og_url":"https:\/\/lasllavesrestaurante.es\/en\/restaurante\/","og_site_name":"Restaurante Las Llaves","article_publisher":"https:\/\/www.facebook.com\/RestLasLlaves","article_modified_time":"2023-03-29T21:48:43+00:00","og_image":[{"url":"https:\/\/lasllavesrestaurante.es\/wp-content\/uploads\/2023\/02\/logo-png-1024x992.png","type":"","width":"","height":""}],"twitter_card":"summary_large_image","twitter_misc":{"Estimated reading time":"1 minute"},"schema":{"@context":"https:\/\/schema.org","@graph":[{"@type":"WebPage","@id":"https:\/\/lasllavesrestaurante.es\/restaurante\/","url":"https:\/\/lasllavesrestaurante.es\/restaurante\/","name":"Restaurante Las Llaves - Restaurante Las Llaves","isPartOf":{"@id":"https:\/\/lasllavesrestaurante.es\/#website"},"primaryImageOfPage":{"@id":"https:\/\/lasllavesrestaurante.es\/restaurante\/#primaryimage"},"image":{"@id":"https:\/\/lasllavesrestaurante.es\/restaurante\/#primaryimage"},"thumbnailUrl":"https:\/\/lasllavesrestaurante.es\/wp-content\/uploads\/2023\/02\/logo-png-1024x992.png","datePublished":"2023-03-26T00:29:45+00:00","dateModified":"2023-03-29T21:48:43+00:00","breadcrumb":{"@id":"https:\/\/lasllavesrestaurante.es\/restaurante\/#breadcrumb"},"inLanguage":"en-GB","potentialAction":[{"@type":"ReadAction","target":["https:\/\/lasllavesrestaurante.es\/restaurante\/"]}]},{"@type":"ImageObject","inLanguage":"en-GB","@id":"https:\/\/lasllavesrestaurante.es\/restaurante\/#primaryimage","url":"https:\/\/lasllavesrestaurante.es\/wp-content\/uploads\/2023\/02\/logo-png-1024x992.png","contentUrl":"https:\/\/lasllavesrestaurante.es\/wp-content\/uploads\/2023\/02\/logo-png-1024x992.png"},{"@type":"BreadcrumbList","@id":"https:\/\/lasllavesrestaurante.es\/restaurante\/#breadcrumb","itemListElement":[{"@type":"ListItem","position":1,"name":"Portada","item":"https:\/\/lasllavesrestaurante.es\/"},{"@type":"ListItem","position":2,"name":"Restaurante Las Llaves"}]},{"@type":"WebSite","@id":"https:\/\/lasllavesrestaurante.es\/#website","url":"https:\/\/lasllavesrestaurante.es\/","name":"Restaurant Las Llaves","description":"Restaurante asador de carnes y comida espa&ntilde;ola","publisher":{"@id":"https:\/\/lasllavesrestaurante.es\/#organization"},"potentialAction":[{"@type":"SearchAction","target":{"@type":"EntryPoint","urlTemplate":"https:\/\/lasllavesrestaurante.es\/?s={search_term_string}"},"query-input":{"@type":"PropertyValueSpecification","valueRequired":true,"valueName":"search_term_string"}}],"inLanguage":"en-GB"},{"@type":"Organization","@id":"https:\/\/lasllavesrestaurante.es\/#organization","name":"Restaurant Las Llaves","url":"https:\/\/lasllavesrestaurante.es\/","logo":{"@type":"ImageObject","inLanguage":"en-GB","@id":"https:\/\/lasllavesrestaurante.es\/#\/schema\/logo\/image\/","url":"https:\/\/lasllavesrestaurante.es\/wp-content\/uploads\/2023\/03\/logo-png-e1679791427349-edited.png","contentUrl":"https:\/\/lasllavesrestaurante.es\/wp-content\/uploads\/2023\/03\/logo-png-e1679791427349-edited.png","width":363,"height":484,"caption":"Restaurante Las Llaves"},"image":{"@id":"https:\/\/lasllavesrestaurante.es\/#\/schema\/logo\/image\/"},"sameAs":["https:\/\/www.facebook.com\/RestLasLlaves","https:\/\/www.instagram.com\/restaurantelasllaves"]}]}},"_links":{"self":[{"href":"https:\/\/lasllavesrestaurante.es\/en\/wp-json\/wp\/v2\/pages\/233","targetHints":{"allow":["GET"]}}],"collection":[{"href":"https:\/\/lasllavesrestaurante.es\/en\/wp-json\/wp\/v2\/pages"}],"about":[{"href":"https:\/\/lasllavesrestaurante.es\/en\/wp-json\/wp\/v2\/types\/page"}],"author":[{"embeddable":true,"href":"https:\/\/lasllavesrestaurante.es\/en\/wp-json\/wp\/v2\/users\/1"}],"replies":[{"embeddable":true,"href":"https:\/\/lasllavesrestaurante.es\/en\/wp-json\/wp\/v2\/comments?post=233"}],"version-history":[{"count":57,"href":"https:\/\/lasllavesrestaurante.es\/en\/wp-json\/wp\/v2\/pages\/233\/revisions"}],"predecessor-version":[{"id":373,"href":"https:\/\/lasllavesrestaurante.es\/en\/wp-json\/wp\/v2\/pages\/233\/revisions\/373"}],"wp:attachment":[{"href":"https:\/\/lasllavesrestaurante.es\/en\/wp-json\/wp\/v2\/media?parent=233"}],"curies":[{"name":"wp","href":"https:\/\/api.w.org\/{rel}","templated":true}]}}